{"id":1917,"date":"2021-11-28T12:59:38","date_gmt":"2021-11-28T15:59:38","guid":{"rendered":"https:\/\/esconesi.com\/?page_id=1917"},"modified":"2024-06-26T14:10:06","modified_gmt":"2024-06-26T17:10:06","slug":"proyectos","status":"publish","type":"page","link":"https:\/\/esconesi.com\/en\/proyectos\/","title":{"rendered":"PROJECTS"},"content":{"rendered":"<div data-elementor-type=\"wp-page\" data-elementor-id=\"1917\" class=\"elementor elementor-1917\" data-elementor-post-type=\"page\">\n\t\t\t\t\t\t<section class=\"elementor-section elementor-top-section elementor-element elementor-element-1c96397 elementor-section-full_width elementor-section-content-middle elementor-section-stretched hero elementor-section-height-default elementor-section-height-default\" data-id=\"1c96397\" data-element_type=\"section\" data-e-type=\"section\" data-settings=\"{&quot;stretch_section&quot;:&quot;section-stretched&quot;}\">\n\t\t\t\t\t\t<div class=\"elementor-container elementor-column-gap-default\">\n\t\t\t\t\t<div class=\"elementor-column elementor-col-100 elementor-top-column elementor-element elementor-element-c68e3b0 overflow-hidden col-hero\" data-id=\"c68e3b0\" data-element_type=\"column\" data-e-type=\"column\" data-settings=\"{&quot;background_background&quot;:&quot;classic&quot;}\">\n\t\t\t<div class=\"elementor-widget-wrap elementor-element-populated\">\n\t\t\t\t\t<div class=\"elementor-background-overlay\"><\/div>\n\t\t\t\t\t\t<section class=\"elementor-section elementor-inner-section elementor-element elementor-element-f0c3625 elementor-section-full_width elementor-section-height-default elementor-section-height-default\" data-id=\"f0c3625\" data-element_type=\"section\" data-e-type=\"section\">\n\t\t\t\t\t\t<div class=\"elementor-container elementor-column-gap-default\">\n\t\t\t\t\t<div class=\"elementor-column elementor-col-100 elementor-inner-column elementor-element elementor-element-93735d4\" data-id=\"93735d4\" data-element_type=\"column\" data-e-type=\"column\">\n\t\t\t<div class=\"elementor-widget-wrap elementor-element-populated\">\n\t\t\t\t\t\t<div class=\"elementor-element elementor-element-a9d54f9 elementor-widget elementor-widget-heading\" data-id=\"a9d54f9\" data-element_type=\"widget\" data-e-type=\"widget\" data-widget_type=\"heading.default\">\n\t\t\t\t<div class=\"elementor-widget-container\">\n\t\t\t\t\t<h2 class=\"elementor-heading-title elementor-size-default\"><span class=\"rotated-title violeta\">PROJECTS<\/span><\/h2>\t\t\t\t<\/div>\n\t\t\t\t<\/div>\n\t\t\t\t<div class=\"elementor-element elementor-element-d1a2d1d elementor-widget__width-initial elementor-widget elementor-widget-text-editor\" data-id=\"d1a2d1d\" data-element_type=\"widget\" data-e-type=\"widget\" data-widget_type=\"text-editor.default\">\n\t\t\t\t<div class=\"elementor-widget-container\">\n\t\t\t\t\t\t\t\t\t<p>In this section, we invite you to learn about what we are doing so that you can stay updated on our projects and calls for participation.<\/p>\t\t\t\t\t\t\t\t<\/div>\n\t\t\t\t<\/div>\n\t\t\t\t\t<\/div>\n\t\t<\/div>\n\t\t\t\t\t<\/div>\n\t\t<\/section>\n\t\t\t\t<section class=\"elementor-section elementor-inner-section elementor-element elementor-element-6ff4b42 foto-hero elementor-section-boxed elementor-section-height-default elementor-section-height-default\" data-id=\"6ff4b42\" data-element_type=\"section\" data-e-type=\"section\" data-settings=\"{&quot;background_background&quot;:&quot;classic&quot;}\">\n\t\t\t\t\t\t<div class=\"elementor-container elementor-column-gap-default\">\n\t\t\t\t\t<div class=\"elementor-column elementor-col-100 elementor-inner-column elementor-element elementor-element-ac72162\" data-id=\"ac72162\" data-element_type=\"column\" data-e-type=\"column\">\n\t\t\t<div class=\"elementor-widget-wrap\">\n\t\t\t\t\t\t\t<\/div>\n\t\t<\/div>\n\t\t\t\t\t<\/div>\n\t\t<\/section>\n\t\t\t\t\t<\/div>\n\t\t<\/div>\n\t\t\t\t\t<\/div>\n\t\t<\/section>\n\t\t\t\t<section class=\"elementor-section elementor-top-section elementor-element elementor-element-19f7eafb elementor-section-boxed elementor-section-height-default elementor-section-height-default\" data-id=\"19f7eafb\" data-element_type=\"section\" data-e-type=\"section\">\n\t\t\t\t\t\t<div class=\"elementor-container elementor-column-gap-default\">\n\t\t\t\t\t<div class=\"elementor-column elementor-col-100 elementor-top-column elementor-element elementor-element-5011d278\" data-id=\"5011d278\" data-element_type=\"column\" data-e-type=\"column\">\n\t\t\t<div class=\"elementor-widget-wrap elementor-element-populated\">\n\t\t\t\t\t\t<div class=\"elementor-element elementor-element-625efcee elementor-widget elementor-widget-text-editor\" data-id=\"625efcee\" data-element_type=\"widget\" data-e-type=\"widget\" data-widget_type=\"text-editor.default\">\n\t\t\t\t<div class=\"elementor-widget-container\">\n\t\t\t\t\t\t\t\t\t<p><span style=\"background-color: transparent; color: var( --e-global-color-5b691b4 ); font-family: var( --e-global-typography-secondary-font-family ), Sans-serif; font-weight: var( --e-global-typography-secondary-font-weight );\">\n    \t\t<ul class=\"iniciativas-list iniciativas-archive\">\n\n                     <li class=\"item-iniciativa\">\n                <a href=\"https:\/\/esconesi.com\/en\/iniciativas\/activandoderechos\/\">\n                    <div class=\"container-img-iniciativa\">\n                        <img decoding=\"async\" src=\"https:\/\/esconesi.com\/wp-content\/uploads\/2022\/01\/257916802_1242340256276233_7409231955174465816_n.jpg\" alt=\"Activando Derechos\">\n                    <\/div>\n                    <div class=\"text-iniciativa\">\n\t\t\t\t\t\t<p class=\"tipo-iniciativa\">\n\t\t\t\t\t\t\t\t\t\t\t\t\t<\/p>\n                        <h4>Activando Derechos<\/h4>\n                        <p>C\u00f3rdoba &#8211; Argentina<\/p>\n                    <\/div>\n                <\/a>\n            <\/li>\n                    <li class=\"item-iniciativa\">\n                <a href=\"https:\/\/esconesi.com\/en\/iniciativas\/aprofam\/\">\n                    <div class=\"container-img-iniciativa\">\n                        <img decoding=\"async\" src=\"https:\/\/esconesi.com\/wp-content\/uploads\/2021\/11\/Guatemala.png\" alt=\"APROFAM\">\n                    <\/div>\n                    <div class=\"text-iniciativa\">\n\t\t\t\t\t\t<p class=\"tipo-iniciativa\">\n\t\t\t\t\t\t\t\t\t\t\t\t\t<\/p>\n                        <h4>APROFAM<\/h4>\n                        <p>Guatemala<\/p>\n                    <\/div>\n                <\/a>\n            <\/li>\n                    <li class=\"item-iniciativa\">\n                <a href=\"https:\/\/esconesi.com\/en\/iniciativas\/cepep\/\">\n                    <div class=\"container-img-iniciativa\">\n                        <img decoding=\"async\" src=\"https:\/\/esconesi.com\/wp-content\/uploads\/2021\/11\/Paraguay.png\" alt=\"CEPEP\">\n                    <\/div>\n                    <div class=\"text-iniciativa\">\n\t\t\t\t\t\t<p class=\"tipo-iniciativa\">\n\t\t\t\t\t\t\t\t\t\t\t\t\t<\/p>\n                        <h4>CEPEP<\/h4>\n                        <p>Paraguay<\/p>\n                    <\/div>\n                <\/a>\n            <\/li>\n                    <li class=\"item-iniciativa\">\n                <a href=\"https:\/\/esconesi.com\/en\/iniciativas\/cies-tu-decides\/\">\n                    <div class=\"container-img-iniciativa\">\n                        <img decoding=\"async\" src=\"https:\/\/esconesi.com\/wp-content\/uploads\/2021\/11\/Bolivia.png\" alt=\"CIES - T\u00fa decides\">\n                    <\/div>\n                    <div class=\"text-iniciativa\">\n\t\t\t\t\t\t<p class=\"tipo-iniciativa\">\n\t\t\t\t\t\t\t\t\t\t\t\t\t<\/p>\n                        <h4>CIES &#8211; T\u00fa decides<\/h4>\n                        <p>Bolivia<\/p>\n                    <\/div>\n                <\/a>\n            <\/li>\n                    <li class=\"item-iniciativa\">\n                <a href=\"https:\/\/esconesi.com\/en\/iniciativas\/convocatoria-abierta-juventudes-por-la-esi\/\">\n                    <div class=\"container-img-iniciativa\">\n                        <img decoding=\"async\" src=\"https:\/\/esconesi.com\/wp-content\/uploads\/2024\/09\/Flyer_Juventudes-por-la-ESI-1.jpg\" alt=\"CONVOCATORIA: Juventudes por la ESI \ud83c\udf08\ud83d\udc9c\">\n                    <\/div>\n                    <div class=\"text-iniciativa\">\n\t\t\t\t\t\t<p class=\"tipo-iniciativa\">\n\t\t\t\t\t\t\tConvocatoria\t\t\t\t\t\t<\/p>\n                        <h4>CONVOCATORIA: Juventudes por la ESI \ud83c\udf08\ud83d\udc9c<\/h4>\n                        <p>Argentina y Costa Rica<\/p>\n                    <\/div>\n                <\/a>\n            <\/li>\n                    <li class=\"item-iniciativa\">\n                <a href=\"https:\/\/esconesi.com\/en\/iniciativas\/desarmarnos\/\">\n                    <div class=\"container-img-iniciativa\">\n                        <img decoding=\"async\" src=\"https:\/\/esconesi.com\/wp-content\/uploads\/2022\/01\/ESI-EN-LOS-HOGARES-1.png\" alt=\"Desarmarnos\">\n                    <\/div>\n                    <div class=\"text-iniciativa\">\n\t\t\t\t\t\t<p class=\"tipo-iniciativa\">\n\t\t\t\t\t\t\t\t\t\t\t\t\t<\/p>\n                        <h4>Desarmarnos<\/h4>\n                        <p>Provincia de Buenos Aires &#8211; Argentina<\/p>\n                    <\/div>\n                <\/a>\n            <\/li>\n                    <li class=\"item-iniciativa\">\n                <a href=\"https:\/\/esconesi.com\/en\/iniciativas\/elijo-saber\/\">\n                    <div class=\"container-img-iniciativa\">\n                        <img decoding=\"async\" src=\"https:\/\/esconesi.com\/wp-content\/uploads\/2021\/12\/PLACAS-ELIJO-SABER-1.png\" alt=\"Elijo Saber\">\n                    <\/div>\n                    <div class=\"text-iniciativa\">\n\t\t\t\t\t\t<p class=\"tipo-iniciativa\">\n\t\t\t\t\t\t\t\t\t\t\t\t\t<\/p>\n                        <h4>Elijo Saber<\/h4>\n                        <p>Salta &#8211; Argentina<\/p>\n                    <\/div>\n                <\/a>\n            <\/li>\n                    <li class=\"item-iniciativa\">\n                <a href=\"https:\/\/esconesi.com\/en\/iniciativas\/esienloshogares\/\">\n                    <div class=\"container-img-iniciativa\">\n                        <img decoding=\"async\" src=\"https:\/\/esconesi.com\/wp-content\/uploads\/2022\/01\/ESI-EN-LOS-HOGARES.png\" alt=\"ESI en los Hogares (por Gu\u00eda Egreso)\">\n                    <\/div>\n                    <div class=\"text-iniciativa\">\n\t\t\t\t\t\t<p class=\"tipo-iniciativa\">\n\t\t\t\t\t\t\t\t\t\t\t\t\t<\/p>\n                        <h4>ESI en los Hogares (por Gu\u00eda Egreso)<\/h4>\n                        <p>Salta y Buenos Aires &#8211; Argentina<\/p>\n                    <\/div>\n                <\/a>\n            <\/li>\n                    <li class=\"item-iniciativa\">\n                <a href=\"https:\/\/esconesi.com\/en\/iniciativas\/esixellas\/\">\n                    <div class=\"container-img-iniciativa\">\n                        <img decoding=\"async\" src=\"https:\/\/esconesi.com\/wp-content\/uploads\/2021\/12\/VpCoVijV_400x400.jpg\" alt=\"ESIxEllas\">\n                    <\/div>\n                    <div class=\"text-iniciativa\">\n\t\t\t\t\t\t<p class=\"tipo-iniciativa\">\n\t\t\t\t\t\t\t\t\t\t\t\t\t<\/p>\n                        <h4>ESIxEllas<\/h4>\n                        <p>Buenos Aires (Lan\u00fas) y Misiones &#8211; Argentina<\/p>\n                    <\/div>\n                <\/a>\n            <\/li>\n                    <li class=\"item-iniciativa\">\n                <a href=\"https:\/\/esconesi.com\/en\/iniciativas\/inppares-centro-juvenil-futuro\/\">\n                    <div class=\"container-img-iniciativa\">\n                        <img decoding=\"async\" src=\"https:\/\/esconesi.com\/wp-content\/uploads\/2021\/11\/Peru.png\" alt=\"Inppares - Centro juvenil futuro\">\n                    <\/div>\n                    <div class=\"text-iniciativa\">\n\t\t\t\t\t\t<p class=\"tipo-iniciativa\">\n\t\t\t\t\t\t\t\t\t\t\t\t\t<\/p>\n                        <h4>Inppares &#8211; Centro juvenil futuro<\/h4>\n                        <p>Per\u00fa<\/p>\n                    <\/div>\n                <\/a>\n            <\/li>\n                    <li class=\"item-iniciativa\">\n                <a href=\"https:\/\/esconesi.com\/en\/iniciativas\/laboratorio-creativo\/\">\n                    <div class=\"container-img-iniciativa\">\n                        <img decoding=\"async\" src=\"\" alt=\"Laboratorio Creativo\">\n                    <\/div>\n                    <div class=\"text-iniciativa\">\n\t\t\t\t\t\t<p class=\"tipo-iniciativa\">\n\t\t\t\t\t\t\t\t\t\t\t\t\t<\/p>\n                        <h4>Laboratorio Creativo<\/h4>\n                        <p><\/p>\n                    <\/div>\n                <\/a>\n            <\/li>\n                    <li class=\"item-iniciativa\">\n                <a href=\"https:\/\/esconesi.com\/en\/iniciativas\/mesa-de-jovenes\/\">\n                    <div class=\"container-img-iniciativa\">\n                        <img decoding=\"async\" src=\"https:\/\/esconesi.com\/wp-content\/uploads\/2021\/11\/mesa-de-jovenes.png\" alt=\"Mesa de j\u00f3venes\">\n                    <\/div>\n                    <div class=\"text-iniciativa\">\n\t\t\t\t\t\t<p class=\"tipo-iniciativa\">\n\t\t\t\t\t\t\t\t\t\t\t\t\t<\/p>\n                        <h4>Mesa de j\u00f3venes<\/h4>\n                        <p>Argentina<\/p>\n                    <\/div>\n                <\/a>\n            <\/li>\n                    <li class=\"item-iniciativa\">\n                <a href=\"https:\/\/esconesi.com\/en\/iniciativas\/no-estas-sola\/\">\n                    <div class=\"container-img-iniciativa\">\n                        <img decoding=\"async\" src=\"https:\/\/esconesi.com\/wp-content\/uploads\/2021\/11\/no-estas-sola.png\" alt=\"No est\u00e1s sola\">\n                    <\/div>\n                    <div class=\"text-iniciativa\">\n\t\t\t\t\t\t<p class=\"tipo-iniciativa\">\n\t\t\t\t\t\t\t\t\t\t\t\t\t<\/p>\n                        <h4>No est\u00e1s sola<\/h4>\n                        <p>Jujuy &#8211; Argentina<\/p>\n                    <\/div>\n                <\/a>\n            <\/li>\n                    <li class=\"item-iniciativa\">\n                <a href=\"https:\/\/esconesi.com\/en\/iniciativas\/nuestraesitrans\/\">\n                    <div class=\"container-img-iniciativa\">\n                        <img decoding=\"async\" src=\"https:\/\/esconesi.com\/wp-content\/uploads\/2021\/12\/Diseno-sin-titulo.png\" alt=\"Nuestra ESI Trans\">\n                    <\/div>\n                    <div class=\"text-iniciativa\">\n\t\t\t\t\t\t<p class=\"tipo-iniciativa\">\n\t\t\t\t\t\t\t\t\t\t\t\t\t<\/p>\n                        <h4>Nuestra ESI Trans<\/h4>\n                        <p>Villa 31, CABA, PBA, San Juan &#8211; Argentina<\/p>\n                    <\/div>\n                <\/a>\n            <\/li>\n                    <li class=\"item-iniciativa\">\n                <a href=\"https:\/\/esconesi.com\/en\/iniciativas\/palabras-para-amar\/\">\n                    <div class=\"container-img-iniciativa\">\n                        <img decoding=\"async\" src=\"https:\/\/esconesi.com\/wp-content\/uploads\/2021\/12\/palabras-para-amar-1-1.png\" alt=\"Palabras para amar\">\n                    <\/div>\n                    <div class=\"text-iniciativa\">\n\t\t\t\t\t\t<p class=\"tipo-iniciativa\">\n\t\t\t\t\t\t\t\t\t\t\t\t\t<\/p>\n                        <h4>Palabras para amar<\/h4>\n                        <p>Jujuy, Argentina<\/p>\n                    <\/div>\n                <\/a>\n            <\/li>\n                    <li class=\"item-iniciativa\">\n                <a href=\"https:\/\/esconesi.com\/en\/iniciativas\/rompiendo-estereotipos\/\">\n                    <div class=\"container-img-iniciativa\">\n                        <img decoding=\"async\" src=\"https:\/\/esconesi.com\/wp-content\/uploads\/2022\/01\/escpndeporte.png\" alt=\"Rompiendo estereotipos\">\n                    <\/div>\n                    <div class=\"text-iniciativa\">\n\t\t\t\t\t\t<p class=\"tipo-iniciativa\">\n\t\t\t\t\t\t\t\t\t\t\t\t\t<\/p>\n                        <h4>Rompiendo estereotipos<\/h4>\n                        <p>Jujuy &#8211; Argentina<\/p>\n                    <\/div>\n                <\/a>\n            <\/li>\n                    <li class=\"item-iniciativa\">\n                <a href=\"https:\/\/esconesi.com\/en\/iniciativas\/transporte-seguro-para-las-mujeres\/\">\n                    <div class=\"container-img-iniciativa\">\n                        <img decoding=\"async\" src=\"https:\/\/esconesi.com\/wp-content\/uploads\/2021\/11\/transporte-seguro-para-mujeres.png\" alt=\"Transporte Seguro para las mujeres\">\n                    <\/div>\n                    <div class=\"text-iniciativa\">\n\t\t\t\t\t\t<p class=\"tipo-iniciativa\">\n\t\t\t\t\t\t\t\t\t\t\t\t\t<\/p>\n                        <h4>Transporte Seguro para las mujeres<\/h4>\n                        <p>Jujuy<\/p>\n                    <\/div>\n                <\/a>\n            <\/li>\n        \t\t<\/ul>\n        \n    <\/span><\/p>\t\t\t\t\t\t\t\t<\/div>\n\t\t\t\t<\/div>\n\t\t\t\t\t<\/div>\n\t\t<\/div>\n\t\t\t\t\t<\/div>\n\t\t<\/section>\n\t\t\t\t<\/div>","protected":false},"excerpt":{"rendered":"<p>In this section, we invite you to learn about what we are doing so that you can stay updated on our projects and calls for participation.<\/p>","protected":false},"author":3,"featured_media":5947,"parent":0,"menu_order":0,"comment_status":"closed","ping_status":"closed","template":"","meta":{"_acf_changed":false,"inline_featured_image":false,"_monsterinsights_skip_tracking":false,"_monsterinsights_sitenote_active":false,"_monsterinsights_sitenote_note":"","_monsterinsights_sitenote_category":0,"footnotes":""},"class_list":["post-1917","page","type-page","status-publish","has-post-thumbnail","hentry"],"acf":[],"yoast_head":"<!-- This site is optimized with the Yoast SEO plugin v27.3 - https:\/\/yoast.com\/product\/yoast-seo-wordpress\/ -->\n<title>Proyectos - Es Con ESI<\/title>\n<meta name=\"robots\" content=\"index, follow, max-snippet:-1, max-image-preview:large, max-video-preview:-1\" \/>\n<link rel=\"canonical\" href=\"https:\/\/esconesi.com\/en\/proyectos\/\" \/>\n<meta property=\"og:locale\" content=\"en_GB\" \/>\n<meta property=\"og:type\" content=\"article\" \/>\n<meta property=\"og:title\" content=\"Proyectos - Es Con ESI\" \/>\n<meta property=\"og:description\" content=\"En esta secci\u00f3n, te invitamos a conocer qu\u00e9 estamos haciendo para que est\u00e9s al tanto de nuestros proyectos y convocatorias.\" \/>\n<meta property=\"og:url\" content=\"https:\/\/esconesi.com\/en\/proyectos\/\" \/>\n<meta property=\"og:site_name\" content=\"Es Con ESI\" \/>\n<meta property=\"article:modified_time\" content=\"2024-06-26T17:10:06+00:00\" \/>\n<meta property=\"og:image\" content=\"https:\/\/esconesi.com\/wp-content\/uploads\/2024\/06\/foto-2024.jpg\" \/>\n\t<meta property=\"og:image:width\" content=\"1476\" \/>\n\t<meta property=\"og:image:height\" content=\"948\" \/>\n\t<meta property=\"og:image:type\" content=\"image\/jpeg\" \/>\n<meta name=\"twitter:card\" content=\"summary_large_image\" \/>\n<script type=\"application\/ld+json\" class=\"yoast-schema-graph\">{\"@context\":\"https:\\\/\\\/schema.org\",\"@graph\":[{\"@type\":\"WebPage\",\"@id\":\"https:\\\/\\\/esconesi.com\\\/proyectos\\\/\",\"url\":\"https:\\\/\\\/esconesi.com\\\/proyectos\\\/\",\"name\":\"Proyectos - Es Con ESI\",\"isPartOf\":{\"@id\":\"https:\\\/\\\/esconesi.com\\\/en\\\/#website\"},\"primaryImageOfPage\":{\"@id\":\"https:\\\/\\\/esconesi.com\\\/proyectos\\\/#primaryimage\"},\"image\":{\"@id\":\"https:\\\/\\\/esconesi.com\\\/proyectos\\\/#primaryimage\"},\"thumbnailUrl\":\"https:\\\/\\\/esconesi.com\\\/wp-content\\\/uploads\\\/2024\\\/06\\\/foto-2024.jpg\",\"datePublished\":\"2021-11-28T15:59:38+00:00\",\"dateModified\":\"2024-06-26T17:10:06+00:00\",\"breadcrumb\":{\"@id\":\"https:\\\/\\\/esconesi.com\\\/proyectos\\\/#breadcrumb\"},\"inLanguage\":\"en-GB\",\"potentialAction\":[{\"@type\":\"ReadAction\",\"target\":[\"https:\\\/\\\/esconesi.com\\\/proyectos\\\/\"]}]},{\"@type\":\"ImageObject\",\"inLanguage\":\"en-GB\",\"@id\":\"https:\\\/\\\/esconesi.com\\\/proyectos\\\/#primaryimage\",\"url\":\"https:\\\/\\\/esconesi.com\\\/wp-content\\\/uploads\\\/2024\\\/06\\\/foto-2024.jpg\",\"contentUrl\":\"https:\\\/\\\/esconesi.com\\\/wp-content\\\/uploads\\\/2024\\\/06\\\/foto-2024.jpg\",\"width\":1476,\"height\":948},{\"@type\":\"BreadcrumbList\",\"@id\":\"https:\\\/\\\/esconesi.com\\\/proyectos\\\/#breadcrumb\",\"itemListElement\":[{\"@type\":\"ListItem\",\"position\":1,\"name\":\"Home\",\"item\":\"https:\\\/\\\/esconesi.com\\\/en\\\/\"},{\"@type\":\"ListItem\",\"position\":2,\"name\":\"Proyectos\"}]},{\"@type\":\"WebSite\",\"@id\":\"https:\\\/\\\/esconesi.com\\\/en\\\/#website\",\"url\":\"https:\\\/\\\/esconesi.com\\\/en\\\/\",\"name\":\"Es Con ESI\",\"description\":\"Soluciones j\u00f3venes para frenar la violencia de g\u00e9nero\",\"publisher\":{\"@id\":\"https:\\\/\\\/esconesi.com\\\/en\\\/#organization\"},\"potentialAction\":[{\"@type\":\"SearchAction\",\"target\":{\"@type\":\"EntryPoint\",\"urlTemplate\":\"https:\\\/\\\/esconesi.com\\\/en\\\/?s={search_term_string}\"},\"query-input\":{\"@type\":\"PropertyValueSpecification\",\"valueRequired\":true,\"valueName\":\"search_term_string\"}}],\"inLanguage\":\"en-GB\"},{\"@type\":\"Organization\",\"@id\":\"https:\\\/\\\/esconesi.com\\\/en\\\/#organization\",\"name\":\"Es Con ESI\",\"url\":\"https:\\\/\\\/esconesi.com\\\/en\\\/\",\"logo\":{\"@type\":\"ImageObject\",\"inLanguage\":\"en-GB\",\"@id\":\"https:\\\/\\\/esconesi.com\\\/en\\\/#\\\/schema\\\/logo\\\/image\\\/\",\"url\":\"https:\\\/\\\/esconesi.com\\\/wp-content\\\/uploads\\\/2021\\\/10\\\/esconesi-header.svg\",\"contentUrl\":\"https:\\\/\\\/esconesi.com\\\/wp-content\\\/uploads\\\/2021\\\/10\\\/esconesi-header.svg\",\"width\":193,\"height\":46,\"caption\":\"Es Con ESI\"},\"image\":{\"@id\":\"https:\\\/\\\/esconesi.com\\\/en\\\/#\\\/schema\\\/logo\\\/image\\\/\"},\"sameAs\":[\"https:\\\/\\\/www.youtube.com\\\/channel\\\/UCu6p2c-06SC2FIx5DJqTPNQ\\\/featured\"]}]}<\/script>\n<!-- \/ Yoast SEO plugin. -->","yoast_head_json":{"title":"Proyectos - Es Con ESI","robots":{"index":"index","follow":"follow","max-snippet":"max-snippet:-1","max-image-preview":"max-image-preview:large","max-video-preview":"max-video-preview:-1"},"canonical":"https:\/\/esconesi.com\/en\/proyectos\/","og_locale":"en_GB","og_type":"article","og_title":"Proyectos - Es Con ESI","og_description":"En esta secci\u00f3n, te invitamos a conocer qu\u00e9 estamos haciendo para que est\u00e9s al tanto de nuestros proyectos y convocatorias.","og_url":"https:\/\/esconesi.com\/en\/proyectos\/","og_site_name":"Es Con ESI","article_modified_time":"2024-06-26T17:10:06+00:00","og_image":[{"width":1476,"height":948,"url":"https:\/\/esconesi.com\/wp-content\/uploads\/2024\/06\/foto-2024.jpg","type":"image\/jpeg"}],"twitter_card":"summary_large_image","schema":{"@context":"https:\/\/schema.org","@graph":[{"@type":"WebPage","@id":"https:\/\/esconesi.com\/proyectos\/","url":"https:\/\/esconesi.com\/proyectos\/","name":"Proyectos - Es Con ESI","isPartOf":{"@id":"https:\/\/esconesi.com\/en\/#website"},"primaryImageOfPage":{"@id":"https:\/\/esconesi.com\/proyectos\/#primaryimage"},"image":{"@id":"https:\/\/esconesi.com\/proyectos\/#primaryimage"},"thumbnailUrl":"https:\/\/esconesi.com\/wp-content\/uploads\/2024\/06\/foto-2024.jpg","datePublished":"2021-11-28T15:59:38+00:00","dateModified":"2024-06-26T17:10:06+00:00","breadcrumb":{"@id":"https:\/\/esconesi.com\/proyectos\/#breadcrumb"},"inLanguage":"en-GB","potentialAction":[{"@type":"ReadAction","target":["https:\/\/esconesi.com\/proyectos\/"]}]},{"@type":"ImageObject","inLanguage":"en-GB","@id":"https:\/\/esconesi.com\/proyectos\/#primaryimage","url":"https:\/\/esconesi.com\/wp-content\/uploads\/2024\/06\/foto-2024.jpg","contentUrl":"https:\/\/esconesi.com\/wp-content\/uploads\/2024\/06\/foto-2024.jpg","width":1476,"height":948},{"@type":"BreadcrumbList","@id":"https:\/\/esconesi.com\/proyectos\/#breadcrumb","itemListElement":[{"@type":"ListItem","position":1,"name":"Home","item":"https:\/\/esconesi.com\/en\/"},{"@type":"ListItem","position":2,"name":"Proyectos"}]},{"@type":"WebSite","@id":"https:\/\/esconesi.com\/en\/#website","url":"https:\/\/esconesi.com\/en\/","name":"Es Con ESI","description":"Soluciones j\u00f3venes para frenar la violencia de g\u00e9nero","publisher":{"@id":"https:\/\/esconesi.com\/en\/#organization"},"potentialAction":[{"@type":"SearchAction","target":{"@type":"EntryPoint","urlTemplate":"https:\/\/esconesi.com\/en\/?s={search_term_string}"},"query-input":{"@type":"PropertyValueSpecification","valueRequired":true,"valueName":"search_term_string"}}],"inLanguage":"en-GB"},{"@type":"Organization","@id":"https:\/\/esconesi.com\/en\/#organization","name":"Es Con ESI","url":"https:\/\/esconesi.com\/en\/","logo":{"@type":"ImageObject","inLanguage":"en-GB","@id":"https:\/\/esconesi.com\/en\/#\/schema\/logo\/image\/","url":"https:\/\/esconesi.com\/wp-content\/uploads\/2021\/10\/esconesi-header.svg","contentUrl":"https:\/\/esconesi.com\/wp-content\/uploads\/2021\/10\/esconesi-header.svg","width":193,"height":46,"caption":"Es Con ESI"},"image":{"@id":"https:\/\/esconesi.com\/en\/#\/schema\/logo\/image\/"},"sameAs":["https:\/\/www.youtube.com\/channel\/UCu6p2c-06SC2FIx5DJqTPNQ\/featured"]}]}},"_links":{"self":[{"href":"https:\/\/esconesi.com\/en\/wp-json\/wp\/v2\/pages\/1917","targetHints":{"allow":["GET"]}}],"collection":[{"href":"https:\/\/esconesi.com\/en\/wp-json\/wp\/v2\/pages"}],"about":[{"href":"https:\/\/esconesi.com\/en\/wp-json\/wp\/v2\/types\/page"}],"author":[{"embeddable":true,"href":"https:\/\/esconesi.com\/en\/wp-json\/wp\/v2\/users\/3"}],"replies":[{"embeddable":true,"href":"https:\/\/esconesi.com\/en\/wp-json\/wp\/v2\/comments?post=1917"}],"version-history":[{"count":22,"href":"https:\/\/esconesi.com\/en\/wp-json\/wp\/v2\/pages\/1917\/revisions"}],"predecessor-version":[{"id":6387,"href":"https:\/\/esconesi.com\/en\/wp-json\/wp\/v2\/pages\/1917\/revisions\/6387"}],"wp:featuredmedia":[{"embeddable":true,"href":"https:\/\/esconesi.com\/en\/wp-json\/wp\/v2\/media\/5947"}],"wp:attachment":[{"href":"https:\/\/esconesi.com\/en\/wp-json\/wp\/v2\/media?parent=1917"}],"curies":[{"name":"wp","href":"https:\/\/api.w.org\/{rel}","templated":true}]}}